{"id":5820,"date":"2024-07-23T08:37:13","date_gmt":"2024-07-23T06:37:13","guid":{"rendered":"https:\/\/www.tarkabarka.li\/projektek\/kleinkunstwochenende\/"},"modified":"2025-10-27T10:21:41","modified_gmt":"2025-10-27T09:21:41","slug":"muveszek-hetvegeje","status":"publish","type":"page","link":"https:\/\/www.tarkabarka.li\/hu\/projektek\/muveszek-hetvegeje\/","title":{"rendered":"M\u0171v\u00e9szek h\u00e9tv\u00e9g\u00e9je"},"content":{"rendered":"\n<figure class=\"wp-block-image size-large hero-img\"><img loading=\"lazy\" decoding=\"async\" width=\"1024\" height=\"405\" src=\"https:\/\/www.tarkabarka.li\/wp-content\/uploads\/2024\/06\/tarkabarka_wanderbuehne-1-1024x405.jpg\" alt=\"\" class=\"wp-image-4501\" srcset=\"https:\/\/www.tarkabarka.li\/wp-content\/uploads\/2024\/06\/tarkabarka_wanderbuehne-1-1024x405.jpg 1024w, https:\/\/www.tarkabarka.li\/wp-content\/uploads\/2024\/06\/tarkabarka_wanderbuehne-1-300x119.jpg 300w, https:\/\/www.tarkabarka.li\/wp-content\/uploads\/2024\/06\/tarkabarka_wanderbuehne-1-768x304.jpg 768w, https:\/\/www.tarkabarka.li\/wp-content\/uploads\/2024\/06\/tarkabarka_wanderbuehne-1-24x9.jpg 24w, https:\/\/www.tarkabarka.li\/wp-content\/uploads\/2024\/06\/tarkabarka_wanderbuehne-1-36x14.jpg 36w, https:\/\/www.tarkabarka.li\/wp-content\/uploads\/2024\/06\/tarkabarka_wanderbuehne-1-48x19.jpg 48w, https:\/\/www.tarkabarka.li\/wp-content\/uploads\/2024\/06\/tarkabarka_wanderbuehne-1.jpg 1271w\" sizes=\"auto, (max-width: 1024px) 100vw, 1024px\" \/><\/figure>\n\n\n\n<div class=\"wp-block-columns is-layout-flex wp-container-core-columns-is-layout-9d6595d7 wp-block-columns-is-layout-flex\">\n<div class=\"wp-block-column regular-box is-layout-flow wp-block-column-is-layout-flow\">\n<h1 class=\"wp-block-heading\">M\u0171v\u00e9szek h\u00e9tv\u00e9g\u00e9je<\/h1>\n\n\n\n<p>A m\u0171v\u00e9szek h\u00e9tv\u00e9g\u00e9j\u00e9t azzal a sz\u00e1nd\u00e9kkal hoztuk l\u00e9tre, hogy nagyobb teret adjunk a sz\u00ednes \u00e9s v\u00e1ltozatos cirkuszvil\u00e1gnak Liechtenstein-ben. Egy h\u00e9tv\u00e9ge a telep\u00fcl\u00e9s sz\u00edv\u00e9ben az eg\u00e9sz csal\u00e1d sz\u00e1m\u00e1ra, vend\u00e9gl\u00e1t\u00e1ssal, k\u00e9zzel hajtott k\u00f6rhint\u00e1val, el\u0151ad\u00e1sokkal, zen\u00e9vel, j\u00e1t\u00e9kokkal \u00e9s a r\u00e9gi id\u0151k cirkuszi hangulat\u00e1val! A m\u0171v\u00e9szek h\u00e9tv\u00e9g\u00e9j\u00e9t 2021-ben \u00e9s 2023-ban rendezt\u00fck meg. A k\u00f6vetkez\u0151 m\u0171v\u00e9szek h\u00e9tv\u00e9g\u00e9j\u00e9t 2026-ban tervezz\u00fck.<\/p>\n<\/div>\n<\/div>\n\n\n\n<div class=\"wp-block-columns is-layout-flex wp-container-core-columns-is-layout-9d6595d7 wp-block-columns-is-layout-flex\">\n<div class=\"wp-block-column regular-box is-layout-flow wp-block-column-is-layout-flow\">\n<h2 class=\"wp-block-heading\">2026 &#8211; el\u0151n\u00e9zet<\/h2>\n\n\n\n<p>A Tarkabarka komp\u00e1nia 10-\u00e9ves \u00e9vfordul\u00f3ja alkalm\u00e1b\u00f3l szervezz\u00fck 2026 nyar\u00e1n a k\u00f6vetkez\u0151 m\u0171v\u00e9szek h\u00e9tv\u00e9g\u00e9j\u00e9t Vaduzban. Ism\u00e9t sz\u00ednes \u00e9s v\u00e1ltozatos m\u0171sorokkal v\u00e1runk titeket! Hamarosan t\u00f6bb inform\u00e1ci\u00f3 itt\u2026<\/p>\n\n\n\n<figure class=\"wp-block-image size-large\"><img loading=\"lazy\" decoding=\"async\" width=\"1024\" height=\"768\" src=\"https:\/\/www.tarkabarka.li\/wp-content\/uploads\/2025\/01\/kleinkunstwochenende_vaduz23-1024x768.jpg\" alt=\"Kis m\u0171v\u00e9szeti h\u00e9tv\u00e9ge Vaduzban, Compagnie Tarkabarka, v\u00e1ndorsz\u00ednh\u00e1z, kult\u00fara, k\u00f6rutaz\u00e1sok, Olgas Koche,\" class=\"wp-image-5260\" srcset=\"https:\/\/www.tarkabarka.li\/wp-content\/uploads\/2025\/01\/kleinkunstwochenende_vaduz23-1024x768.jpg 1024w, https:\/\/www.tarkabarka.li\/wp-content\/uploads\/2025\/01\/kleinkunstwochenende_vaduz23-300x225.jpg 300w, https:\/\/www.tarkabarka.li\/wp-content\/uploads\/2025\/01\/kleinkunstwochenende_vaduz23-768x576.jpg 768w, https:\/\/www.tarkabarka.li\/wp-content\/uploads\/2025\/01\/kleinkunstwochenende_vaduz23-24x18.jpg 24w, https:\/\/www.tarkabarka.li\/wp-content\/uploads\/2025\/01\/kleinkunstwochenende_vaduz23-36x27.jpg 36w, https:\/\/www.tarkabarka.li\/wp-content\/uploads\/2025\/01\/kleinkunstwochenende_vaduz23-48x36.jpg 48w, https:\/\/www.tarkabarka.li\/wp-content\/uploads\/2025\/01\/kleinkunstwochenende_vaduz23.jpg 1280w\" sizes=\"auto, (max-width: 1024px) 100vw, 1024px\" \/><\/figure>\n<\/div>\n\n\n\n<div class=\"wp-block-column regular-box is-layout-flow wp-block-column-is-layout-flow\">\n<h2 class=\"wp-block-heading\">2023 &#8211; visszapillant\u00e1s<\/h2>\n\n\n\n<figure class=\"wp-block-embed is-type-video is-provider-vimeo wp-block-embed-vimeo\"><div style=\"display: contents;\" >\n\n<div data-mode=\"normal\" data-oembed=\"1\" data-provider=\"vimeo\" id=\"arve-vimeo-845672594\" class=\"arve\">\n\t<div class=\"arve-inner\">\n\t\t<div style=\"aspect-ratio:500\/281\" class=\"arve-embed arve-embed--has-aspect-ratio\">\n\t\t\t<div class=\"arve-ar\" style=\"padding-top:56.200000%\"><\/div>\n\t\t\t<iframe allow=\"accelerometer &#039;none&#039;;autoplay &#039;none&#039;;bluetooth &#039;none&#039;;browsing-topics &#039;none&#039;;camera &#039;none&#039;;clipboard-read &#039;none&#039;;clipboard-write;display-capture &#039;none&#039;;encrypted-media &#039;none&#039;;gamepad &#039;none&#039;;geolocation &#039;none&#039;;gyroscope &#039;none&#039;;hid &#039;none&#039;;identity-credentials-get &#039;none&#039;;idle-detection &#039;none&#039;;keyboard-map &#039;none&#039;;local-fonts;magnetometer &#039;none&#039;;microphone &#039;none&#039;;midi &#039;none&#039;;otp-credentials &#039;none&#039;;payment &#039;none&#039;;picture-in-picture;publickey-credentials-create &#039;none&#039;;publickey-credentials-get &#039;none&#039;;screen-wake-lock &#039;none&#039;;serial &#039;none&#039;;summarizer &#039;none&#039;;sync-xhr;usb &#039;none&#039;;web-share;window-management &#039;none&#039;;xr-spatial-tracking &#039;none&#039;;\" allowfullscreen=\"\" class=\"arve-iframe fitvidsignore\" credentialless data-arve=\"arve-vimeo-845672594\" data-lenis-prevent=\"\" data-src-no-ap=\"https:\/\/player.vimeo.com\/video\/845672594?dnt=1&amp;app_id=122963&amp;transparent=0&amp;title=1&amp;byline=0&amp;portrait=0&amp;autoplay=0\" frameborder=\"0\" height=\"0\" loading=\"lazy\" name=\"\" referrerpolicy=\"strict-origin-when-cross-origin\" sandbox=\"allow-scripts allow-same-origin allow-presentation allow-popups allow-popups-to-escape-sandbox allow-forms\" scrolling=\"no\" src=\"https:\/\/player.vimeo.com\/video\/845672594?dnt=1&#038;app_id=122963&#038;transparent=0&#038;title=1&#038;byline=0&#038;portrait=0&#038;autoplay=0\" title=\"\" width=\"0\"><\/iframe>\n\t\t\t\n\t\t<\/div>\n\t\t\n\t<\/div>\n\t\n\t\n\t<script type=\"application\/ld+json\">{\"@context\":\"http:\\\/\\\/schema.org\\\/\",\"@id\":\"https:\\\/\\\/www.tarkabarka.li\\\/hu\\\/projektek\\\/muveszek-hetvegeje\\\/#arve-vimeo-845672594\",\"type\":\"VideoObject\",\"embedURL\":\"https:\\\/\\\/player.vimeo.com\\\/video\\\/845672594?dnt=1&app_id=122963&transparent=0&title=1&byline=0&portrait=0&autoplay=0\"}<\/script>\n\t\n<\/div>\n<\/div><\/figure>\n\n\n\n<h2 class=\"wp-block-heading\">R\u00e9szt vev\u0151 m\u0171v\u00e9szek<\/h2>\n\n\n\n<ul class=\"wp-block-list\">\n<li><a href=\"https:\/\/www.tarkabarka.li\/hu\/\">Tarkabarka komp\u00e1nia<\/a><\/li>\n\n\n\n<li><a href=\"https:\/\/scheppeboko.com\/\">Scheppe &amp; Boko<\/a><\/li>\n\n\n\n<li><a href=\"http:\/\/www.kreisreisen.ch\/\">Roger`s Kreisreisen<\/a><\/li>\n\n\n\n<li><a href=\"https:\/\/www.zaubereiatelier.com\/\">Variet\u00e9 Trich\u00e9<\/a><\/li>\n\n\n\n<li><a href=\"https:\/\/www.zauberfuzzi.li\/\">Albi der Zauberfuzzi<\/a><\/li>\n\n\n\n<li><a href=\"https:\/\/www.thenozez.com\/\">The Nozez<\/a><\/li>\n\n\n\n<li><a href=\"http:\/\/www.7th-heaven.li\">7th Heaven Aerial Arts<\/a><\/li>\n\n\n\n<li>Famiglia a`Umore<\/li>\n<\/ul>\n<\/div>\n<\/div>\n","protected":false},"excerpt":{"rendered":"<p>M\u0171v\u00e9szek h\u00e9tv\u00e9g\u00e9je A m\u0171v\u00e9szek h\u00e9tv\u00e9g\u00e9j\u00e9t azzal a sz\u00e1nd\u00e9kkal hoztuk l\u00e9tre, hogy nagyobb teret adjunk a sz\u00ednes \u00e9s v\u00e1ltozatos cirkuszvil\u00e1gnak Liechtenstein-ben. Egy h\u00e9tv\u00e9ge a telep\u00fcl\u00e9s sz\u00edv\u00e9ben&#8230;<\/p>\n<div class=\"more-link-wrapper\"><a class=\"more-link\" href=\"https:\/\/www.tarkabarka.li\/hu\/projektek\/muveszek-hetvegeje\/\">Continue Reading<span class=\"screen-reader-text\">M\u0171v\u00e9szek h\u00e9tv\u00e9g\u00e9je<\/span><\/a><\/div>\n","protected":false},"author":1,"featured_media":0,"parent":4216,"menu_order":0,"comment_status":"closed","ping_status":"closed","template":"","meta":{"_acf_changed":false,"inline_featured_image":false,"footnotes":""},"class_list":["post-5820","page","type-page","status-publish","hentry","entry"],"acf":[],"_links":{"self":[{"href":"https:\/\/www.tarkabarka.li\/hu\/wp-json\/wp\/v2\/pages\/5820","targetHints":{"allow":["GET"]}}],"collection":[{"href":"https:\/\/www.tarkabarka.li\/hu\/wp-json\/wp\/v2\/pages"}],"about":[{"href":"https:\/\/www.tarkabarka.li\/hu\/wp-json\/wp\/v2\/types\/page"}],"author":[{"embeddable":true,"href":"https:\/\/www.tarkabarka.li\/hu\/wp-json\/wp\/v2\/users\/1"}],"replies":[{"embeddable":true,"href":"https:\/\/www.tarkabarka.li\/hu\/wp-json\/wp\/v2\/comments?post=5820"}],"version-history":[{"count":16,"href":"https:\/\/www.tarkabarka.li\/hu\/wp-json\/wp\/v2\/pages\/5820\/revisions"}],"predecessor-version":[{"id":5841,"href":"https:\/\/www.tarkabarka.li\/hu\/wp-json\/wp\/v2\/pages\/5820\/revisions\/5841"}],"up":[{"embeddable":true,"href":"https:\/\/www.tarkabarka.li\/hu\/wp-json\/wp\/v2\/pages\/4216"}],"wp:attachment":[{"href":"https:\/\/www.tarkabarka.li\/hu\/wp-json\/wp\/v2\/media?parent=5820"}],"curies":[{"name":"wp","href":"https:\/\/api.w.org\/{rel}","templated":true}]}}