{"id":5050,"date":"2024-09-02T15:36:28","date_gmt":"2024-09-02T13:36:28","guid":{"rendered":"https:\/\/www.tarkabarka.li\/turaarchivum\/"},"modified":"2024-09-05T17:01:16","modified_gmt":"2024-09-05T15:01:16","slug":"turaarchivum","status":"publish","type":"page","link":"https:\/\/www.tarkabarka.li\/hu\/turaarchivum\/","title":{"rendered":"T\u00faraarch\u00edvum"},"content":{"rendered":"\n<h1 class=\"wp-block-heading\">Tekintse meg az \u00f6sszes t\u00far\u00e1t \u00e9ves szinten<\/h1>\n","protected":false},"excerpt":{"rendered":"<p>Tekintse meg az \u00f6sszes t\u00far\u00e1t \u00e9ves szinten<\/p>\n","protected":false},"author":1,"featured_media":0,"parent":0,"menu_order":0,"comment_status":"closed","ping_status":"closed","template":"years-template.php","meta":{"_acf_changed":false,"inline_featured_image":false,"footnotes":""},"class_list":["post-5050","page","type-page","status-publish","hentry","entry"],"acf":[],"_links":{"self":[{"href":"https:\/\/www.tarkabarka.li\/hu\/wp-json\/wp\/v2\/pages\/5050","targetHints":{"allow":["GET"]}}],"collection":[{"href":"https:\/\/www.tarkabarka.li\/hu\/wp-json\/wp\/v2\/pages"}],"about":[{"href":"https:\/\/www.tarkabarka.li\/hu\/wp-json\/wp\/v2\/types\/page"}],"author":[{"embeddable":true,"href":"https:\/\/www.tarkabarka.li\/hu\/wp-json\/wp\/v2\/users\/1"}],"replies":[{"embeddable":true,"href":"https:\/\/www.tarkabarka.li\/hu\/wp-json\/wp\/v2\/comments?post=5050"}],"version-history":[{"count":5,"href":"https:\/\/www.tarkabarka.li\/hu\/wp-json\/wp\/v2\/pages\/5050\/revisions"}],"predecessor-version":[{"id":5140,"href":"https:\/\/www.tarkabarka.li\/hu\/wp-json\/wp\/v2\/pages\/5050\/revisions\/5140"}],"wp:attachment":[{"href":"https:\/\/www.tarkabarka.li\/hu\/wp-json\/wp\/v2\/media?parent=5050"}],"curies":[{"name":"wp","href":"https:\/\/api.w.org\/{rel}","templated":true}]}}