{"id":4447,"date":"2024-06-10T14:04:51","date_gmt":"2024-06-10T12:04:51","guid":{"rendered":"https:\/\/www.tarkabarka.li\/ajanlat\/az-oen-szemelyre-szabott-esemenye\/"},"modified":"2025-01-20T20:20:21","modified_gmt":"2025-01-20T19:20:21","slug":"az-oen-szemelyre-szabott-esemenye","status":"publish","type":"page","link":"https:\/\/www.tarkabarka.li\/hu\/ajanlat\/az-oen-szemelyre-szabott-esemenye\/","title":{"rendered":"Az \u00f6n rendezv\u00e9ny\u00e9re szabott m\u0171sor"},"content":{"rendered":"\n<figure class=\"wp-block-image size-large hero-img\"><img decoding=\"async\" src=\"https:\/\/www.tarkabarka.li\/wp-content\/uploads\/2024\/06\/tarkabarka_event-2-scaled.jpg\" alt=\"\" class=\"wp-image-4493\"\/><\/figure>\n\n\n\n<div class=\"wp-block-columns is-layout-flex wp-container-core-columns-is-layout-9d6595d7 wp-block-columns-is-layout-flex\">\n<div class=\"wp-block-column regular-box is-layout-flow wp-block-column-is-layout-flow\">\n<h1 class=\"wp-block-heading\">Az \u00f6n rendezv\u00e9ny\u00e9re szabott m\u0171sor<\/h1>\n\n\n\n<p>Sz\u00edvesen gazdag\u00edtjuk az \u0151n rendezv\u00e9ny\u00e9t is a sokoldal\u00fa programjainkkal! Lepje meg a munkat\u00e1rsait egy k\u00fcl\u00f6nleges c\u00e9gi rendezv\u00e9nnyel vagy \u00f6r\u00fclj\u00f6n egy felejthetetlen, romantikus \u00e9s humoros r\u00f6vidm\u0171sornak a saj\u00e1t esk\u00fcv\u0151j\u00e9n! N\u00e1lunk sok minden lehets\u00e9ges!<\/p>\n<\/div>\n<\/div>\n\n\n\n<div class=\"wp-block-columns is-layout-flex wp-container-core-columns-is-layout-9d6595d7 wp-block-columns-is-layout-flex\">\n<div class=\"wp-block-column regular-box is-layout-flow wp-block-column-is-layout-flow\">\n<h2 class=\"wp-block-heading\">C\u00e9gi rendezv\u00e9ny<\/h2>\n\n\n\n<p>Humorral \u00e9s po\u00e9tikus pillanatokkal f\u0171szerezett \u00e9lm\u00e9nyt ny\u00fajtanak r\u00f6vid m\u0171soraink a kar\u00e1csonyi vacsor\u00e1kon, \u00e9vfordul\u00f3s \u00fcnneps\u00e9geken, szem\u00e9lyzeti \u00f6sszej\u00f6veteleken vagy m\u00e1s k\u00fcl\u00f6nleges alkalmakon. El\u0151ad\u00e1sunk kieg\u00e9sz\u00edthet\u0151ek vicces \u00e9s interakt\u00edv j\u00e1t\u00e9kokkal az \u00d6n alkalmazottaival. \u00d6r\u00f6mmel vessz\u00fck figyelembe az \u00d6n k\u00edv\u00e1ns\u00e1gait, \u00e9s egy\u00fcttm\u0171k\u00f6d\u00fcnk \u00d6nnel egy olyan \u00fcnneps\u00e9g megteremt\u00e9s\u00e9ben, amelyre sz\u00edvesen eml\u00e9keznek majd vissza.<\/p>\n\n\n\n<p class=\"link-bottom\"><a href=\"mailto:info@tarkabarka.li\">Felk\u00e9r\u00e9s<\/a><\/p>\n<\/div>\n\n\n\n<div class=\"wp-block-column regular-box is-layout-flow wp-block-column-is-layout-flow\">\n<h2 class=\"wp-block-heading\">Esk\u00fcv\u0151<\/h2>\n\n\n\n<p>Humoros, romantikus \u00e9s az \u00d6n esk\u00fcv\u0151\u00e9re szabott r\u00e9szletek az el\u0151ad\u00e1sainkb\u00f3l amely minden koroszt\u00e1ly\u00fa vend\u00e9get sz\u00f3rakoztat, valamint harmonika- \u00e9s fuvolak\u00eds\u00e9ret az aperitifhez. Illik egy nagy \u00e9rzelmekkel teli naphoz, amelyre sz\u00edvesen eml\u00e9keznek majd vissza. \u00d6r\u00f6mmel gazdag\u00edtan\u00e1nk k\u00fcl\u00f6nleges napj\u00e1t!<\/p>\n\n\n\n<p class=\"link-bottom\"><a href=\"mailto:info@tarkabarka.li\">Felk\u00e9r\u00e9s<\/a><\/p>\n<\/div>\n<\/div>\n\n\n\n<div class=\"wp-block-columns is-layout-flex wp-container-core-columns-is-layout-9d6595d7 wp-block-columns-is-layout-flex\">\n<div class=\"wp-block-column regular-box is-layout-flow wp-block-column-is-layout-flow\">\n<h2 class=\"wp-block-heading\">Gyermek sz\u00fclet\u00e9snap<\/h2>\n\n\n\n<p>Boh\u00f3cm\u0171sorral, arcfest\u00e9ssel, lufihajtogat\u00e1ssal \u00e9s j\u00e1t\u00e9kokkal sz\u00edvesen kieg\u00e9sz\u00edtj\u00fck a gyermeke sz\u00fclet\u00e9snapi \u00fcnnep\u00e9t \u00e9s megcsillogtatjuk a  gyermekek szemeit. Ha a gyerekek boldogak, a sz\u00fcl\u0151k is boldogak!<\/p>\n\n\n\n<p><a href=\"mailto:info@tarkabarka.li\"><\/a><\/p>\n\n\n\n<p class=\"link-bottom\"><a href=\"mailto:info@tarkabarka.li\">Felk\u00e9r\u00e9s<\/a><\/p>\n<\/div>\n\n\n\n<div class=\"wp-block-column regular-box is-layout-flow wp-block-column-is-layout-flow\">\n<h2 class=\"wp-block-heading\">Csoportfejleszt\u00e9s<\/h2>\n\n\n\n<p>Csapatnapok vagy csapat\u00e9p\u00edt\u00e9s c\u00e9lj\u00e1b\u00f3l workshopokat k\u00edn\u00e1lunk. A sz\u00ednh\u00e1z vil\u00e1g\u00e1b\u00f3l sz\u00e1rmaz\u00f3 j\u00e1t\u00e9kokat \u00e9s gyakorlatokat haszn\u00e1lunk a csoporton bel\u00fcli dinamika megv\u00e1ltoztat\u00e1s\u00e1ra, az el\u0151ad\u00f3i k\u00e9szs\u00e9gek el\u0151mozd\u00edt\u00e1s\u00e1ra, a csapat j\u00f3 hangulat\u00e1nak megteremt\u00e9s\u00e9re \u00e9s az egym\u00e1s ir\u00e1nti bizalom er\u0151s\u00edt\u00e9s\u00e9re. Egy workshop, amely biztosan megdolgoztatja a nevet\u0151izmokat!<\/p>\n\n\n\n<p class=\"link-bottom\"><a href=\"mailto:info@tarkabarka.li\">Felk\u00e9r\u00e9s<\/a><\/p>\n<\/div>\n<\/div>\n","protected":false},"excerpt":{"rendered":"<p>Az \u00f6n rendezv\u00e9ny\u00e9re szabott m\u0171sor Sz\u00edvesen gazdag\u00edtjuk az \u0151n rendezv\u00e9ny\u00e9t is a sokoldal\u00fa programjainkkal! Lepje meg a munkat\u00e1rsait egy k\u00fcl\u00f6nleges c\u00e9gi rendezv\u00e9nnyel vagy \u00f6r\u00fclj\u00f6n egy&#8230;<\/p>\n<div class=\"more-link-wrapper\"><a class=\"more-link\" href=\"https:\/\/www.tarkabarka.li\/hu\/ajanlat\/az-oen-szemelyre-szabott-esemenye\/\">Continue Reading<span class=\"screen-reader-text\">Az \u00f6n rendezv\u00e9ny\u00e9re szabott m\u0171sor<\/span><\/a><\/div>\n","protected":false},"author":1,"featured_media":0,"parent":4436,"menu_order":0,"comment_status":"closed","ping_status":"closed","template":"","meta":{"_acf_changed":false,"inline_featured_image":false,"footnotes":""},"class_list":["post-4447","page","type-page","status-publish","hentry","entry"],"acf":[],"_links":{"self":[{"href":"https:\/\/www.tarkabarka.li\/hu\/wp-json\/wp\/v2\/pages\/4447","targetHints":{"allow":["GET"]}}],"collection":[{"href":"https:\/\/www.tarkabarka.li\/hu\/wp-json\/wp\/v2\/pages"}],"about":[{"href":"https:\/\/www.tarkabarka.li\/hu\/wp-json\/wp\/v2\/types\/page"}],"author":[{"embeddable":true,"href":"https:\/\/www.tarkabarka.li\/hu\/wp-json\/wp\/v2\/users\/1"}],"replies":[{"embeddable":true,"href":"https:\/\/www.tarkabarka.li\/hu\/wp-json\/wp\/v2\/comments?post=4447"}],"version-history":[{"count":11,"href":"https:\/\/www.tarkabarka.li\/hu\/wp-json\/wp\/v2\/pages\/4447\/revisions"}],"predecessor-version":[{"id":5395,"href":"https:\/\/www.tarkabarka.li\/hu\/wp-json\/wp\/v2\/pages\/4447\/revisions\/5395"}],"up":[{"embeddable":true,"href":"https:\/\/www.tarkabarka.li\/hu\/wp-json\/wp\/v2\/pages\/4436"}],"wp:attachment":[{"href":"https:\/\/www.tarkabarka.li\/hu\/wp-json\/wp\/v2\/media?parent=4447"}],"curies":[{"name":"wp","href":"https:\/\/api.w.org\/{rel}","templated":true}]}}