{"id":4436,"date":"2024-06-10T13:44:07","date_gmt":"2024-06-10T11:44:07","guid":{"rendered":"https:\/\/www.tarkabarka.li\/ajanlat\/"},"modified":"2025-11-14T09:23:59","modified_gmt":"2025-11-14T08:23:59","slug":"ajanlat","status":"publish","type":"page","link":"https:\/\/www.tarkabarka.li\/hu\/ajanlat\/","title":{"rendered":"Aj\u00e1nlat"},"content":{"rendered":"\n<figure class=\"wp-block-image size-large hero-img\"><img loading=\"lazy\" decoding=\"async\" width=\"1024\" height=\"536\" src=\"https:\/\/www.tarkabarka.li\/wp-content\/uploads\/2024\/06\/tarkabarka_anlass-1024x536.jpg\" alt=\"\" class=\"wp-image-4773\" srcset=\"https:\/\/www.tarkabarka.li\/wp-content\/uploads\/2024\/06\/tarkabarka_anlass-1024x536.jpg 1024w, https:\/\/www.tarkabarka.li\/wp-content\/uploads\/2024\/06\/tarkabarka_anlass-300x157.jpg 300w, https:\/\/www.tarkabarka.li\/wp-content\/uploads\/2024\/06\/tarkabarka_anlass-768x402.jpg 768w, https:\/\/www.tarkabarka.li\/wp-content\/uploads\/2024\/06\/tarkabarka_anlass-24x13.jpg 24w, https:\/\/www.tarkabarka.li\/wp-content\/uploads\/2024\/06\/tarkabarka_anlass-36x19.jpg 36w, https:\/\/www.tarkabarka.li\/wp-content\/uploads\/2024\/06\/tarkabarka_anlass-48x25.jpg 48w, https:\/\/www.tarkabarka.li\/wp-content\/uploads\/2024\/06\/tarkabarka_anlass.jpg 1280w\" sizes=\"auto, (max-width: 1024px) 100vw, 1024px\" \/><\/figure>\n\n\n\n<div class=\"wp-block-columns is-layout-flex wp-container-core-columns-is-layout-9d6595d7 wp-block-columns-is-layout-flex\">\n<div class=\"wp-block-column regular-box is-layout-flow wp-block-column-is-layout-flow\">\n<h1 class=\"wp-block-heading\">Aj\u00e1nlatunk<\/h1>\n\n\n\n<p>A cirkusz \u00e9s a sz\u00ednh\u00e1z vil\u00e1g\u00e1ban vagyunk otthon. 2013 \u00f3ta \u00e1llunk a sz\u00ednpadon, tanfolyamakat \u00e9s workshopokat tartunk feln\u0151tteknek \u00e9s gyerekeknek, sz\u00ednh\u00e1zt\u00e1borokat \u00e9s cirkuszheteket vezet\u00fcnk, gyermekarcokat fest\u00fcnk \u00e9s k\u00fcl\u00f6nf\u00e9le rendezv\u00e9nyeken sz\u00f3rakoztatjuk az embereket. Sok szeretet, boldogs\u00e1g \u00e9s er\u0151 rejlik az \u00f6sszes tev\u00e9kenys\u00e9geinkben.<\/p>\n\n\n\n<p>Egy humoros, lend\u00fcletes \u00e9s po\u00e9tikus m\u0171sort keres a c\u00e9ges rendezv\u00e9ny\u00e9re vagy az esk\u00fcv\u0151j\u00e9re? Egy sz\u00ednh\u00e1zel\u0151ad\u00e1st vagy egy workshop-ot tervez az iskol\u00e1j\u00e1ban? Hi\u00e1nyzik m\u00e9g az arcfest\u00e9s a tervezett rendezv\u00e9ny\u00e9n? Vagy szeretne egy el\u0151ad\u00e1st ami egyar\u00e1nt alkalmas feln\u0151ttekenek \u00e9s gyerekeknek is? \u00d6r\u00fcl\u00fcnk a felk\u00e9r\u00e9s\u00e9nek!<\/p>\n<\/div>\n<\/div>\n\n\n\n<div class=\"wp-block-columns is-layout-flex wp-container-core-columns-is-layout-9d6595d7 wp-block-columns-is-layout-flex\">\n<div class=\"wp-block-column regular-box is-layout-flow wp-block-column-is-layout-flow\">\n<h2 class=\"wp-block-heading\">M\u0171sorok<\/h2>\n\n\n\n<p>Cirkuszsz\u00ednh\u00e1z szavak n\u00e9lk\u00fcl. Meglep\u0151, \u00e9letteli \u00e9s szellemes.<\/p>\n\n\n\n<p>A m\u0171soraink soksz\u00edn\u0171 mimik\u00e1val, sz\u00edvhez sz\u00f3l\u00f3 boh\u00f3zattal, lend\u00fcletes akrobatik\u00e1val \u00e9s po\u00e9tikus pillanatokkal b\u0171v\u00f6lik el a k\u00f6z\u00f6ns\u00e9get.<\/p>\n\n\n\n<p>A m\u0171soraink nagyoknak \u00e9s kicsiknek egyar\u00e1nt alkalmasak.<\/p>\n\n\n\n<p class=\"link-bottom\"><a href=\"https:\/\/www.tarkabarka.li\/hu\/ajanlat\/musorok\/\" data-type=\"page\" data-id=\"1731\">t\u00f6bb inform\u00e1ci\u00f3<\/a><\/p>\n<\/div>\n\n\n\n<div class=\"wp-block-column regular-box is-layout-flow wp-block-column-is-layout-flow\">\n<h2 class=\"wp-block-heading\">Az \u00f6n rendezv\u00e9ny\u00e9re szabott m\u0171sor<\/h2>\n\n\n\n<p>Legyen az esk\u00fcv\u0151, kar\u00e1csonyi vacsora, c\u00e9ges \u00fcnnep, sz\u00fclet\u00e9snap, tov\u00e1bbk\u00e9pz\u00e9s vagy \u00e9vfordul\u00f3. Humoros \u00e9s po\u00e9tikus m\u0171sorv\u00e1ltozatok az \u00f6n rendezv\u00e9ny\u00e9re.<\/p>\n\n\n\n<p class=\"link-bottom\"><a href=\"https:\/\/www.tarkabarka.li\/hu\/ajanlat\/az-oen-szemelyre-szabott-esemenye\/\" data-type=\"page\" data-id=\"4353\">t\u00f6bb inform\u00e1ci\u00f3<\/a><\/p>\n<\/div>\n<\/div>\n\n\n\n<div class=\"wp-block-columns is-layout-flex wp-container-core-columns-is-layout-9d6595d7 wp-block-columns-is-layout-flex\">\n<div class=\"wp-block-column regular-box is-layout-flow wp-block-column-is-layout-flow\">\n<h2 class=\"wp-block-heading\">Tanit\u00e1s<\/h2>\n\n\n\n<p>A sz\u00ednh\u00e1z, a cirkuszi diszciplin\u00e1k \u00e9s a boh\u00f3zat eszk\u00f6zeit tanfolyamokkal, workshopokkal, iskolai projektekkel \u00e9s intenz\u00edv hetekkel k\u00f6zvet\u00edtj\u00fck a tanulni v\u00e1gy\u00f3knak. Minden koroszt\u00e1lynak, testi \u00e9s lelki fogyat\u00e9kosoknak is alkalmas.<\/p>\n\n\n\n<p class=\"link-bottom\"><a href=\"https:\/\/www.tarkabarka.li\/hu\/ajanlat\/tanitas\/\" data-type=\"page\" data-id=\"3810\">t\u00f6bb inform\u00e1ci\u00f3<\/a><\/p>\n<\/div>\n\n\n\n<div class=\"wp-block-column regular-box is-layout-flow wp-block-column-is-layout-flow\">\n<h2 class=\"wp-block-heading\">Tarkabarka arcfest\u00e9s<\/h2>\n\n\n\n<p>Sz\u00e9p motivumaimmal \u00e9s \u00fcgyes ecsetkezel\u00e9ssel minden gyermekarcra egy kis remekm\u0171vet var\u00e1zsolok.<\/p>\n\n\n\n<p class=\"link-bottom\"><a href=\"https:\/\/www.tarkabarka.li\/hu\/ajanlat\/arcfestes\/\" data-type=\"page\" data-id=\"3758\">t\u00f6bb inform\u00e1ci\u00f3<\/a><\/p>\n<\/div>\n<\/div>\n\n\n\n<div class=\"wp-block-columns two_columns_text is-layout-flex wp-container-core-columns-is-layout-9d6595d7 wp-block-columns-is-layout-flex\">\n<div class=\"wp-block-column regular-box is-layout-flow wp-block-column-is-layout-flow\">\n<h1 class=\"wp-block-heading\">El\u00e9gedett \u00fcgyfelek<\/h1>\n\n\n\n<div class=\"wp-block-columns is-layout-flex wp-container-core-columns-is-layout-9d6595d7 wp-block-columns-is-layout-flex\">\n<div class=\"wp-block-column is-layout-flow wp-block-column-is-layout-flow\">\n<ul class=\"wp-block-list\">\n<li>Swarovski (FL)<\/li>\n\n\n\n<li>Liechtensteinische Landesbank AG<\/li>\n\n\n\n<li>Gemeinde Mauren (FL)<\/li>\n\n\n\n<li>Special Olympics Liechtenstein<\/li>\n\n\n\n<li>Gemeindeschulen Balzers, Triesen, Vaduz, Ruggell, Schaan (FL)<\/li>\n\n\n\n<li>Schule Wetzikon (CH)<\/li>\n\n\n\n<li>Discherheim Solothurn, Wohnen und Arbeiten (CH)<\/li>\n\n\n\n<li>Lukashaus, Grabs (CH)<\/li>\n\n\n\n<li>Kunstmuseum Liechtenstein<\/li>\n\n\n\n<li>Pet\u0151fi S\u00e1ndor Schule, Sopron (H)<\/li>\n\n\n\n<li>Lackner Krist\u00f3f Schule (H)<\/li>\n\n\n\n<li>Quartierverein Breite, Basel (CH)<\/li>\n\n\n\n<li>Migros Ostschweiz<\/li>\n\n\n\n<li>Junges Theater Liechtenstein<\/li>\n\n\n\n<li>Quartierverein Breite, Basel (CH)<\/li>\n\n\n\n<li>SP Buchs (CH)<\/li>\n\n\n\n<li>Landesklinikum Mauer (A)<\/li>\n\n\n\n<li>Singgruppe Mauren\/Gamprin<\/li>\n\n\n\n<li>Pro Senectute Graub\u00fcnden<\/li>\n<\/ul>\n<\/div>\n\n\n\n<div class=\"wp-block-column is-layout-flow wp-block-column-is-layout-flow\">\n<ul class=\"wp-block-list\">\n<li>Folk Fest, Sopron (H)<\/li>\n\n\n\n<li>Valley of Arts Festival, Kapolcs (H)<\/li>\n\n\n\n<li>Pajta Festival, Kiscs\u0151sz (H)<\/li>\n\n\n\n<li>Stiftung St\u00f6ckenweid, Meilen (CH)<\/li>\n\n\n\n<li>\u00c9cole de Cirque, Arbaz (CH)<\/li>\n\n\n\n<li>Schreinerei Frommelt AG, (FL)<\/li>\n\n\n\n<li>Theater am Kirchplatz TAK, Schaan (FL)<\/li>\n\n\n\n<li>K\u0151feszt Festival, K\u00f6vesk\u00e1l, (H)<\/li>\n\n\n\n<li>Frauenhaus Liechtenstein<\/li>\n\n\n\n<li>Feuerwehr Steinhausen (CH)<\/li>\n\n\n\n<li>Winzerfest, Sopron (H)<\/li>\n\n\n\n<li>Bildungsdepartement St. Gallen (CH)<\/li>\n\n\n\n<li>Verein KultSichtig, Gr\u00fcningen (CH)<\/li>\n\n\n\n<li>Zirkusschule Tortellini, Luzern (CH)<\/li>\n\n\n\n<li>Circolino Pipistrello (CH)<\/li>\n\n\n\n<li>Kulturkommission Gamprin (FL)<\/li>\n\n\n\n<li>Liechtenstein Marketing<\/li>\n\n\n\n<li>Kaiser Partner Wealth Advisors (FL)<\/li>\n<\/ul>\n<\/div>\n<\/div>\n<\/div>\n<\/div>\n","protected":false},"excerpt":{"rendered":"<p>Aj\u00e1nlatunk A cirkusz \u00e9s a sz\u00ednh\u00e1z vil\u00e1g\u00e1ban vagyunk otthon. 2013 \u00f3ta \u00e1llunk a sz\u00ednpadon, tanfolyamakat \u00e9s workshopokat tartunk feln\u0151tteknek \u00e9s gyerekeknek, sz\u00ednh\u00e1zt\u00e1borokat \u00e9s cirkuszheteket vezet\u00fcnk,&#8230;<\/p>\n<div class=\"more-link-wrapper\"><a class=\"more-link\" href=\"https:\/\/www.tarkabarka.li\/hu\/ajanlat\/\">Continue Reading<span class=\"screen-reader-text\">Aj\u00e1nlat<\/span><\/a><\/div>\n","protected":false},"author":1,"featured_media":0,"parent":0,"menu_order":0,"comment_status":"closed","ping_status":"closed","template":"","meta":{"_acf_changed":false,"inline_featured_image":false,"footnotes":""},"class_list":["post-4436","page","type-page","status-publish","hentry","entry"],"acf":[],"_links":{"self":[{"href":"https:\/\/www.tarkabarka.li\/hu\/wp-json\/wp\/v2\/pages\/4436","targetHints":{"allow":["GET"]}}],"collection":[{"href":"https:\/\/www.tarkabarka.li\/hu\/wp-json\/wp\/v2\/pages"}],"about":[{"href":"https:\/\/www.tarkabarka.li\/hu\/wp-json\/wp\/v2\/types\/page"}],"author":[{"embeddable":true,"href":"https:\/\/www.tarkabarka.li\/hu\/wp-json\/wp\/v2\/users\/1"}],"replies":[{"embeddable":true,"href":"https:\/\/www.tarkabarka.li\/hu\/wp-json\/wp\/v2\/comments?post=4436"}],"version-history":[{"count":24,"href":"https:\/\/www.tarkabarka.li\/hu\/wp-json\/wp\/v2\/pages\/4436\/revisions"}],"predecessor-version":[{"id":5850,"href":"https:\/\/www.tarkabarka.li\/hu\/wp-json\/wp\/v2\/pages\/4436\/revisions\/5850"}],"wp:attachment":[{"href":"https:\/\/www.tarkabarka.li\/hu\/wp-json\/wp\/v2\/media?parent=4436"}],"curies":[{"name":"wp","href":"https:\/\/api.w.org\/{rel}","templated":true}]}}