{"id":4232,"date":"2016-07-02T18:33:12","date_gmt":"2016-07-02T16:33:12","guid":{"rendered":"https:\/\/www.tarkabarka.li\/home\/"},"modified":"2026-04-24T13:36:17","modified_gmt":"2026-04-24T11:36:17","slug":"home","status":"publish","type":"page","link":"https:\/\/www.tarkabarka.li\/hu\/","title":{"rendered":"Home"},"content":{"rendered":"\n<figure class=\"wp-block-image size-full hero-img\"><img loading=\"lazy\" decoding=\"async\" width=\"1364\" height=\"520\" src=\"https:\/\/www.tarkabarka.li\/wp-content\/uploads\/2024\/06\/Tarkabarka-06.jpg\" alt=\"\" class=\"wp-image-4298\" srcset=\"https:\/\/www.tarkabarka.li\/wp-content\/uploads\/2024\/06\/Tarkabarka-06.jpg 1364w, https:\/\/www.tarkabarka.li\/wp-content\/uploads\/2024\/06\/Tarkabarka-06-300x114.jpg 300w, https:\/\/www.tarkabarka.li\/wp-content\/uploads\/2024\/06\/Tarkabarka-06-1024x390.jpg 1024w, https:\/\/www.tarkabarka.li\/wp-content\/uploads\/2024\/06\/Tarkabarka-06-768x293.jpg 768w, https:\/\/www.tarkabarka.li\/wp-content\/uploads\/2024\/06\/Tarkabarka-06-24x9.jpg 24w, https:\/\/www.tarkabarka.li\/wp-content\/uploads\/2024\/06\/Tarkabarka-06-36x14.jpg 36w, https:\/\/www.tarkabarka.li\/wp-content\/uploads\/2024\/06\/Tarkabarka-06-48x18.jpg 48w\" sizes=\"auto, (max-width: 1364px) 100vw, 1364px\" \/><\/figure>\n\n\n\n<div class=\"wp-block-columns is-layout-flex wp-container-core-columns-is-layout-9d6595d7 wp-block-columns-is-layout-flex\">\n<div class=\"wp-block-column regular-box is-layout-flow wp-block-column-is-layout-flow\">\n<h1 class=\"wp-block-heading\">Tarkabarka Cirkuszsz\u00ednh\u00e1z Liechtensteinb\u0151l<\/h1>\n\n\n\n<p>A Tarkabarka komp\u00e1nia vagyunk &#8211; a m\u0171v\u00e9sz p\u00e1ros Kosty\u00e1l-B\u00fcchel Anna \u00e9s Kosty\u00e1l B\u00e1lint. A cirkusz-sz\u00ednh\u00e1z m\u0171sorainkkal rendezv\u00e9nyeken \u00e9s sz\u00ednh\u00e1zakban l\u00e9p\u00fcnk fel. El\u0151ad\u00e1saink \u00e9s projektjeink \u00e9lethelyzett\u0151l f\u00fcggetlen\u00fcl mindenki sz\u00e1m\u00e1ra lehet\u0151v\u00e9 teszik a cirkusz \u00e9s a sz\u00ednh\u00e1z \u00e9lm\u00e9ny\u00e9t.<\/p>\n\n\n\n<p><br>Tarkabarka v\u00e1ndorsz\u00ednpadunkkal 2016 \u00f3ta Sv\u00e1jcban, Liechtensteinben, Ausztri\u00e1ban \u00e9s Magyarorsz\u00e1gon vagyunk \u00faton \u00e9s k\u00f6zvetlen\u00fcl eljuttatjuk az emberekhez a kult\u00far\u00e1t. A szabadt\u00e9ri sz\u00ednpadunkon v\u00e1ltozatos, sz\u00ednes \u00e9s po\u00e9tikus m\u0171sorainkkal igyeksz\u00fcnk k\u00f6z\u00f6ns\u00e9g\u00fcnk mindennapjait \u00f6nfeledt nevet\u00e9ssel, vid\u00e1m sz\u00f3rakoz\u00e1ssal gazdag\u00edtani. A nosztalgikus cirkuszkocsi \u00e1rny\u00e9k\u00e1ban szavak n\u00e9lk\u00fcl b\u0171v\u00f6l\u00fcnk el egyar\u00e1nt kicsiket \u00e9s nagyokat \u00e9s terjesztj\u00fck az utaz\u00f3 cirkuszi \u00e9let var\u00e1zs\u00e1t.<\/p>\n\n\n\n<p>K\u00f6r\u00fatjaink mellett sz\u00ednh\u00e1zakban, mag\u00e1n- vagy c\u00e9ges rendezv\u00e9nyeken l\u00e9p\u00fcnk fel, sz\u00ednh\u00e1zi \u00e9s cirkuszi oktat\u00e1ssal foglalkozunk \u00e9s gyermekarcokat fest\u00fcnk. Azonkiv\u00fcl sok projektet val\u00f3s\u00edtunk meg, mint p\u00e9ld\u00e1ul a Vaduzi m\u0171v\u00e9szek h\u00e9tv\u00e9g\u00e9j\u00e9t vagy a t\u00e1voli orsz\u00e1gokban ell\u00e1togat\u00f3 &#8222;Clowns for Humanity&#8221; nevezet\u0171 m\u0171sorsorozatot.<\/p>\n\n\n\n<p>T\u00f6bb mint 550 el\u0151ad\u00e1sra, 13 \u00e9ven bel\u00fcl 10 orsz\u00e1gban \u00e9s 3 kontinensen szerzett sz\u00ednpadi tapasztalatra tekint\u00fcnk vissza.<\/p>\n\n\n\n<p><a href=\"https:\/\/www.tarkabarka.li\/hu\/tarsulat\/\" data-type=\"page\" data-id=\"6\">Tudjon meg t\u00f6bbet r\u00f3lunk<\/a><\/p>\n<\/div>\n<\/div>\n\n\n\n<div class=\"wp-block-columns is-layout-flex wp-container-core-columns-is-layout-9d6595d7 wp-block-columns-is-layout-flex\">\n<div class=\"wp-block-column regular-box is-layout-flow wp-block-column-is-layout-flow\">\n<h2 class=\"wp-block-heading\">H\u00edrek<\/h2>\n\n\n\n<p>A 10 \u00e9ves \u00e9vfordul\u00f3nk alkalm\u00e1b\u00f3l k\u00e9sz\u00fclt b\u00f6ng\u00e9sz\u0151k\u00f6nvy bemutat\u00f3ja rendk\u00edv\u00fcl sikeres volt! A k\u00f6nvy mostant\u00f3l megv\u00e1s\u00e1rolhat\u00f3!<\/p>\n\n\n\n<p><a href=\"https:\/\/www.tarkabarka.li\/hu\/projektek\/tarkabarka-bongeszo-konvy\/\">T\u00f6bb inform\u00e1ci\u00f3<\/a><\/p>\n\n\n\n<p><a href=\"mailto: info@tarkabarka.li\">Megrendel\u00e9s<\/a><\/p>\n\n\n\n<figure class=\"wp-block-image size-full\"><a href=\"https:\/\/www.tarkabarka.li\/hu\/projektek\/tarkabarka-bongeszo-konvy\/\"><img loading=\"lazy\" decoding=\"async\" width=\"2053\" height=\"2560\" src=\"https:\/\/www.tarkabarka.li\/wp-content\/uploads\/2026\/04\/tarkabarka_wimmelbuch-scaled.jpg\" alt=\"\" class=\"wp-image-6164\" srcset=\"https:\/\/www.tarkabarka.li\/wp-content\/uploads\/2026\/04\/tarkabarka_wimmelbuch-scaled.jpg 2053w, https:\/\/www.tarkabarka.li\/wp-content\/uploads\/2026\/04\/tarkabarka_wimmelbuch-241x300.jpg 241w, https:\/\/www.tarkabarka.li\/wp-content\/uploads\/2026\/04\/tarkabarka_wimmelbuch-821x1024.jpg 821w, https:\/\/www.tarkabarka.li\/wp-content\/uploads\/2026\/04\/tarkabarka_wimmelbuch-768x957.jpg 768w, https:\/\/www.tarkabarka.li\/wp-content\/uploads\/2026\/04\/tarkabarka_wimmelbuch-1232x1536.jpg 1232w, https:\/\/www.tarkabarka.li\/wp-content\/uploads\/2026\/04\/tarkabarka_wimmelbuch-1643x2048.jpg 1643w, https:\/\/www.tarkabarka.li\/wp-content\/uploads\/2026\/04\/tarkabarka_wimmelbuch-19x24.jpg 19w, https:\/\/www.tarkabarka.li\/wp-content\/uploads\/2026\/04\/tarkabarka_wimmelbuch-29x36.jpg 29w, https:\/\/www.tarkabarka.li\/wp-content\/uploads\/2026\/04\/tarkabarka_wimmelbuch-39x48.jpg 39w\" sizes=\"auto, (max-width: 2053px) 100vw, 2053px\" \/><\/a><\/figure>\n<\/div>\n\n\n\n<div class=\"wp-block-column regular-box is-layout-flow wp-block-column-is-layout-flow\">\n<h2 class=\"wp-block-heading\">A k\u00f6vetkez\u0151 5 fell\u00e9p\u00e9s\u00fcnk<\/h2>\n\n\n\n<p><a href=\"https:\/\/www.tarkabarka.li\/hu\/musornaptar\/\">Az \u00f6sszes idei fell\u00e9p\u00e9shez<\/a><\/p>\n\n\n\r\n\r\n<section  class=\"tours-section show-only-main\">\r\n    <div class=\"tour-info show-only\"><h3><a href=\"https:\/\/buskers.li\/\" target=\"_black\">Vaduz (FL) &#8211; Buskers Strassentheaterfestival &#8211; Rathausplatz<\/a><\/h3><div class=\"tour-infor multiple-tours\"><p class=\"show-p\"><span class=\"show-dates\"><span class=\"sdate\">szombat, 9. m\u00e1jus <\/span><span class=\"stime\">14:45 Uhr<\/span><\/span><\/p><div class=\"title-main\"><a href=\"\" target=\"_blank\">Strassenshow<\/a><p class=\"more-info\">Platz 2: Rathausplatz beim Zirkuswagen<\/p><\/div><\/div><div class=\"tour-infor multiple-tours\"><p class=\"show-p\"><span class=\"show-dates\"><span class=\"sdate\">szombat, 9. m\u00e1jus <\/span><span class=\"stime\">19:15 Uhr<\/span><\/span><\/p><div class=\"title-main\"><a href=\"\" target=\"_blank\">Strassenshow<\/a><p class=\"more-info\">Abendvariet\u00e9 zum 10-Jahres-Jubil\u00e4um von Tarkabarka mit allen K\u00fcnstlern<\/p><\/div><\/div><div class=\"tour-infor multiple-tours\"><p class=\"show-p\"><span class=\"show-dates\"><span class=\"sdate\">vas\u00e1rnap, 10. m\u00e1jus <\/span><span class=\"stime\">12:30 Uhr<\/span><\/span><\/p><div class=\"title-main\"><a href=\"\" target=\"_blank\">Strassenshow<\/a><p class=\"more-info\">Platz 2: Rathausplatz beim Zirkuswagen<\/p><\/div><\/div><div class=\"tour-infor multiple-tours\"><p class=\"show-p\"><span class=\"show-dates\"><span class=\"sdate\">vas\u00e1rnap, 10. m\u00e1jus <\/span><span class=\"stime\">15:30 Uhr<\/span><\/span><\/p><div class=\"title-main\"><a href=\"\" target=\"_blank\">Strassenshow<\/a><p class=\"more-info\">Platz 2: Rathausplatz beim Zirkuswagen<\/p><\/div><\/div><\/div><div class=\"tour-info show-only\"><h3><a href=\"https:\/\/maps.app.goo.gl\/ysJTZGxfZhNJ13yB7\" target=\"_black\">Wartau (CH) &#8211; Aula Oberstufenzentrum Seidenbaum<\/a><\/h3><div class=\"tour-infor\"><p class=\"show-p\"><span class=\"show-dates\"><span class=\"sdate\">szombat, 16. m\u00e1jus <\/span><span class=\"stime\">10:00 Uhr<\/span><\/span><\/p><div class=\"title-main\"><a href=\"https:\/\/www.tarkabarka.li\/angebot\/shows\/\" target=\"_blank\">KABUFF<\/a><\/div><\/div><\/div><\/section>\n\n\n<p class=\"link-bottom\"><\/p>\n\n\n\n<p><a href=\"https:\/\/www.tarkabarka.li\/hu\/musornaptar\/\">Az \u00f6sszes idei fell\u00e9p\u00e9shez<\/a><\/p>\n<\/div>\n<\/div>\n\n\n\n<div class=\"wp-block-columns is-layout-flex wp-container-core-columns-is-layout-9d6595d7 wp-block-columns-is-layout-flex\">\n<div class=\"wp-block-column regular-box is-layout-flow wp-block-column-is-layout-flow\">\n<h2 class=\"wp-block-heading\">M\u0171v\u00e9szek h\u00e9tv\u00e9g\u00e9je Vaduz<\/h2>\n\n\n\n<p>J\u00falius 3\/4\/5-\u00e9n harmadszorra megrendezz\u00fcnk a m\u0171v\u00e9szek h\u00e9tv\u00e9g\u00e9j\u00e9t az Auring j\u00e1tsz\u00f3t\u00e9r melletti r\u00e9ten Vaduz-ban. Nosztalgikus cirkushangulat v\u00e1rja a kedves l\u00e1togat\u00f3gat, el\u0151ad\u00e1sokkal, k\u00f6rhint\u00e1val, zen\u00e9vel, sok gyermekprogrammal \u00e9s \u00e9tellel-itallal.<\/p>\n\n\n\n<p><a href=\"https:\/\/www.tarkabarka.li\/hu\/projektek\/muveszek-hetvegeje\/\">r\u00e9szletes programm<\/a><\/p>\n\n\n\n<figure class=\"wp-block-image size-large\"><a href=\"https:\/\/www.tarkabarka.li\/hu\/projektek\/muveszek-hetvegeje\/\"><img loading=\"lazy\" decoding=\"async\" width=\"727\" height=\"1024\" src=\"https:\/\/www.tarkabarka.li\/wp-content\/uploads\/2026\/04\/flyer_KKWE26-1-727x1024.jpg\" alt=\"\" class=\"wp-image-6148\" srcset=\"https:\/\/www.tarkabarka.li\/wp-content\/uploads\/2026\/04\/flyer_KKWE26-1-727x1024.jpg 727w, https:\/\/www.tarkabarka.li\/wp-content\/uploads\/2026\/04\/flyer_KKWE26-1-213x300.jpg 213w, https:\/\/www.tarkabarka.li\/wp-content\/uploads\/2026\/04\/flyer_KKWE26-1-768x1082.jpg 768w, https:\/\/www.tarkabarka.li\/wp-content\/uploads\/2026\/04\/flyer_KKWE26-1-1090x1536.jpg 1090w, https:\/\/www.tarkabarka.li\/wp-content\/uploads\/2026\/04\/flyer_KKWE26-1-17x24.jpg 17w, https:\/\/www.tarkabarka.li\/wp-content\/uploads\/2026\/04\/flyer_KKWE26-1-26x36.jpg 26w, https:\/\/www.tarkabarka.li\/wp-content\/uploads\/2026\/04\/flyer_KKWE26-1-34x48.jpg 34w, https:\/\/www.tarkabarka.li\/wp-content\/uploads\/2026\/04\/flyer_KKWE26-1.jpg 1241w\" sizes=\"auto, (max-width: 727px) 100vw, 727px\" \/><\/a><\/figure>\n<\/div>\n\n\n\n<div class=\"wp-block-column regular-box is-layout-flow wp-block-column-is-layout-flow\">\n<h2 class=\"wp-block-heading\">Tarkabarka arcfest\u00e9s<\/h2>\n\n\n\n<p>A gal\u00e9ria meg\u00fajult. <a href=\"https:\/\/www.tarkabarka.li\/hu\/ajanlat\/arcfestes\/\">Tekintse meg<\/a> a leg\u00fajabb fot\u00f3kat!<\/p>\n\n\n<div class=\"wp-block-image is-style-default\">\n<figure class=\"aligncenter size-large\"><a href=\"https:\/\/www.tarkabarka.li\/hu\/ajanlat\/arcfestes\/\"><img loading=\"lazy\" decoding=\"async\" width=\"1024\" height=\"1024\" src=\"https:\/\/www.tarkabarka.li\/wp-content\/uploads\/2016\/10\/tarkabarka_kinderschminken_2026_02.07-1024x1024.jpg\" alt=\"Tarkabarka, Kinderschminken, Liechtenstein, Rheintal, Vaduz, Schweiz,\" class=\"wp-image-5959\" srcset=\"https:\/\/www.tarkabarka.li\/wp-content\/uploads\/2016\/10\/tarkabarka_kinderschminken_2026_02.07-1024x1024.jpg 1024w, https:\/\/www.tarkabarka.li\/wp-content\/uploads\/2016\/10\/tarkabarka_kinderschminken_2026_02.07-300x300.jpg 300w, https:\/\/www.tarkabarka.li\/wp-content\/uploads\/2016\/10\/tarkabarka_kinderschminken_2026_02.07-150x150.jpg 150w, https:\/\/www.tarkabarka.li\/wp-content\/uploads\/2016\/10\/tarkabarka_kinderschminken_2026_02.07-768x768.jpg 768w, https:\/\/www.tarkabarka.li\/wp-content\/uploads\/2016\/10\/tarkabarka_kinderschminken_2026_02.07-1536x1536.jpg 1536w, https:\/\/www.tarkabarka.li\/wp-content\/uploads\/2016\/10\/tarkabarka_kinderschminken_2026_02.07-2048x2048.jpg 2048w, https:\/\/www.tarkabarka.li\/wp-content\/uploads\/2016\/10\/tarkabarka_kinderschminken_2026_02.07-24x24.jpg 24w, https:\/\/www.tarkabarka.li\/wp-content\/uploads\/2016\/10\/tarkabarka_kinderschminken_2026_02.07-36x36.jpg 36w, https:\/\/www.tarkabarka.li\/wp-content\/uploads\/2016\/10\/tarkabarka_kinderschminken_2026_02.07-48x48.jpg 48w\" sizes=\"auto, (max-width: 1024px) 100vw, 1024px\" \/><\/a><\/figure><\/div><\/div>\n<\/div>\n\n\n\n<div class=\"wp-block-columns is-layout-flex wp-container-core-columns-is-layout-9d6595d7 wp-block-columns-is-layout-flex\">\n<div class=\"wp-block-column regular-box newsletter-box is-layout-flow wp-block-column-is-layout-flow\">\n<h2 class=\"wp-block-heading has-text-align-center\">h\u00edrlev\u00e9l<\/h2>\n\n\n\n\t\t\t<form id=\"sib_signup_form_1\" method=\"post\" class=\"sib_signup_form\">\n\t\t\t\t<div class=\"sib_loader\" style=\"display:none;\"><img\n\t\t\t\t\t\t\tsrc=\"https:\/\/www.tarkabarka.li\/wp-includes\/images\/spinner.gif\" alt=\"loader\"><\/div>\n\t\t\t\t<input type=\"hidden\" name=\"sib_form_action\" value=\"subscribe_form_submit\">\n\t\t\t\t<input type=\"hidden\" name=\"sib_form_id\" value=\"1\">\n                <input type=\"hidden\" name=\"sib_form_alert_notice\" value=\"Please fill out this field\">\n                <input type=\"hidden\" name=\"sib_form_invalid_email_notice\" value=\"Your email address is invalid\">\n                <input type=\"hidden\" name=\"sib_security\" value=\"937e9c26b8\">\n\t\t\t\t<div class=\"sib_signup_box_inside_1\">\n\t\t\t\t\t<div style=\"\/*display:none*\/\" class=\"sib_msg_disp\">\n\t\t\t\t\t<\/div>\n                    \t\t\t\t\t<p class=\"sib-email-area\">\n    <label class=\"sib-email-area\">Email Address*<\/label>\n    <input type=\"email\" class=\"sib-email-area\" name=\"email\" required=\"required\">\n<\/p>\n<p class=\"sib-NAME-area\">\n    <label class=\"sib-NAME-area\">Name<\/label>\n    <input type=\"text\" class=\"sib-NAME-area\" name=\"NAME\">\n<\/p>\n<p>\n    <input type=\"submit\" class=\"sib-default-btn\" value=\"Subscribe\">\n<\/p>\t\t\t\t<\/div>\n\t\t\t<\/form>\n\t\t\t<style>\n\t\t\t\tform#sib_signup_form_1 p.sib-alert-message {\n    padding: 6px 12px;\n    margin-bottom: 20px;\n    border: 1px solid transparent;\n    border-radius: 4px;\n    -webkit-box-sizing: border-box;\n    -moz-box-sizing: border-box;\n    box-sizing: border-box;\n}\nform#sib_signup_form_1 p.sib-alert-message-error {\n    background-color: #f2dede;\n    border-color: #ebccd1;\n    color: #a94442;\n}\nform#sib_signup_form_1 p.sib-alert-message-success {\n    background-color: #dff0d8;\n    border-color: #d6e9c6;\n    color: #3c763d;\n}\nform#sib_signup_form_1 p.sib-alert-message-warning {\n    background-color: #fcf8e3;\n    border-color: #faebcc;\n    color: #8a6d3b;\n}\n\t\t\t<\/style>\n\t\t\t\n<\/div>\n<\/div>\n","protected":false},"excerpt":{"rendered":"<p>Tarkabarka Cirkuszsz\u00ednh\u00e1z Liechtensteinb\u0151l A Tarkabarka komp\u00e1nia vagyunk &#8211; a m\u0171v\u00e9sz p\u00e1ros Kosty\u00e1l-B\u00fcchel Anna \u00e9s Kosty\u00e1l B\u00e1lint. A cirkusz-sz\u00ednh\u00e1z m\u0171sorainkkal rendezv\u00e9nyeken \u00e9s sz\u00ednh\u00e1zakban l\u00e9p\u00fcnk fel. El\u0151ad\u00e1saink&#8230;<\/p>\n<div class=\"more-link-wrapper\"><a class=\"more-link\" href=\"https:\/\/www.tarkabarka.li\/hu\/\">Continue Reading<span class=\"screen-reader-text\">Home<\/span><\/a><\/div>\n","protected":false},"author":1,"featured_media":0,"parent":0,"menu_order":0,"comment_status":"closed","ping_status":"closed","template":"","meta":{"_acf_changed":false,"inline_featured_image":false,"footnotes":""},"class_list":["post-4232","page","type-page","status-publish","hentry","entry"],"acf":[],"_links":{"self":[{"href":"https:\/\/www.tarkabarka.li\/hu\/wp-json\/wp\/v2\/pages\/4232","targetHints":{"allow":["GET"]}}],"collection":[{"href":"https:\/\/www.tarkabarka.li\/hu\/wp-json\/wp\/v2\/pages"}],"about":[{"href":"https:\/\/www.tarkabarka.li\/hu\/wp-json\/wp\/v2\/types\/page"}],"author":[{"embeddable":true,"href":"https:\/\/www.tarkabarka.li\/hu\/wp-json\/wp\/v2\/users\/1"}],"replies":[{"embeddable":true,"href":"https:\/\/www.tarkabarka.li\/hu\/wp-json\/wp\/v2\/comments?post=4232"}],"version-history":[{"count":74,"href":"https:\/\/www.tarkabarka.li\/hu\/wp-json\/wp\/v2\/pages\/4232\/revisions"}],"predecessor-version":[{"id":6196,"href":"https:\/\/www.tarkabarka.li\/hu\/wp-json\/wp\/v2\/pages\/4232\/revisions\/6196"}],"wp:attachment":[{"href":"https:\/\/www.tarkabarka.li\/hu\/wp-json\/wp\/v2\/media?parent=4232"}],"curies":[{"name":"wp","href":"https:\/\/api.w.org\/{rel}","templated":true}]}}