{"id":4221,"date":"2019-01-15T20:47:48","date_gmt":"2019-01-15T19:47:48","guid":{"rendered":"https:\/\/www.tarkabarka.li\/musorok\/"},"modified":"2026-01-29T21:02:26","modified_gmt":"2026-01-29T20:02:26","slug":"musorok","status":"publish","type":"page","link":"https:\/\/www.tarkabarka.li\/hu\/ajanlat\/musorok\/","title":{"rendered":"M\u0171sorok"},"content":{"rendered":"\n<figure class=\"wp-block-image size-large hero-img\"><img loading=\"lazy\" decoding=\"async\" width=\"1024\" height=\"491\" src=\"https:\/\/www.tarkabarka.li\/wp-content\/uploads\/2024\/06\/tarkabarka_shows-1-1024x491.jpg\" alt=\"\" class=\"wp-image-4798\" srcset=\"https:\/\/www.tarkabarka.li\/wp-content\/uploads\/2024\/06\/tarkabarka_shows-1-1024x491.jpg 1024w, https:\/\/www.tarkabarka.li\/wp-content\/uploads\/2024\/06\/tarkabarka_shows-1-300x144.jpg 300w, https:\/\/www.tarkabarka.li\/wp-content\/uploads\/2024\/06\/tarkabarka_shows-1-768x368.jpg 768w, https:\/\/www.tarkabarka.li\/wp-content\/uploads\/2024\/06\/tarkabarka_shows-1-24x12.jpg 24w, https:\/\/www.tarkabarka.li\/wp-content\/uploads\/2024\/06\/tarkabarka_shows-1-36x17.jpg 36w, https:\/\/www.tarkabarka.li\/wp-content\/uploads\/2024\/06\/tarkabarka_shows-1-48x23.jpg 48w, https:\/\/www.tarkabarka.li\/wp-content\/uploads\/2024\/06\/tarkabarka_shows-1.jpg 1280w\" sizes=\"auto, (max-width: 1024px) 100vw, 1024px\" \/><figcaption class=\"wp-element-caption\"><br><\/figcaption><\/figure>\n\n\n\n<div class=\"wp-block-columns is-layout-flex wp-container-core-columns-is-layout-9d6595d7 wp-block-columns-is-layout-flex\">\n<div class=\"wp-block-column regular-box is-layout-flow wp-block-column-is-layout-flow\">\n<h1 class=\"wp-block-heading\">M\u0171sorok<\/h1>\n\n\n\n<p>T\u00f6bb mint 550 el\u0151ad\u00e1s, \u00f6sszesen 13 \u00e9vben, 10 orsz\u00e1gban \u00e9s 3 f\u00f6ldr\u00e9szen szerzett sz\u00ednpadi tapasztalat &#8211; 1 szenved\u00e9ly.<\/p>\n\n\n\n<p>A m\u0171soraink izgalmasak, v\u00e1ltozatosak \u00e9s humorosak. Egy vid\u00e1m cirkusz-sz\u00ednh\u00e1z egyveleg. Sokat mes\u00e9l\u00fcnk szavak n\u00e9lk\u00fcl!<\/p>\n<\/div>\n<\/div>\n\n\n\n<div class=\"wp-block-columns is-layout-flex wp-container-core-columns-is-layout-9d6595d7 wp-block-columns-is-layout-flex\">\n<div class=\"wp-block-column regular-box is-layout-flow wp-block-column-is-layout-flow\">\n<h2 class=\"wp-block-heading\">KABUFF \u2013 egy vid\u00e1m \u00e9s po\u00e9tikus boh\u00f3csz\u00ednh\u00e1z<\/h2>\n\n\n\n<p>K\u00e9t boh\u00f3c \u00e9s egy fal\u00e1da. Egy sz\u00f3rakoztat\u00f3, kiss\u00e9 abszurd kaland, zen\u00e9vel, artisztik\u00e1val \u00e9s zsongl\u0151rk\u00f6d\u00e9ssel f\u0171szerezve a nosztalgikus cirkuszkocsi \u00e1rny\u00e9k\u00e1ban.<\/p>\n\n\n\n<ul class=\"wp-block-list\">\n<li>Id\u0151tartam: kb. 60 perc.<\/li>\n\n\n\n<li>Belt\u00e9ren \u00e9s kint is lehets\u00e9ges<\/li>\n\n\n\n<li>Korhat\u00e1r n\u00e9lk\u00fcl<\/li>\n\n\n\n<li>2016-ban l\u00e9tes\u00fclt<\/li>\n\n\n\n<li>oueil ext\u00e9rieur: Jan Pezzali<\/li>\n<\/ul>\n\n\n\n<div data-mode=\"normal\" data-oembed=\"1\" data-provider=\"vimeo\" id=\"arve-vimeo-281518234\" style=\"max-width:400px;\" class=\"arve alignleft\">\n\t<div class=\"arve-inner\">\n\t\t<div style=\"aspect-ratio:500\/281\" class=\"arve-embed arve-embed--has-aspect-ratio\">\n\t\t\t<div class=\"arve-ar\" style=\"padding-top:56.200000%\"><\/div>\n\t\t\t<iframe allow=\"accelerometer &#039;none&#039;;autoplay &#039;none&#039;;bluetooth &#039;none&#039;;browsing-topics &#039;none&#039;;camera &#039;none&#039;;clipboard-read &#039;none&#039;;clipboard-write;display-capture &#039;none&#039;;encrypted-media &#039;none&#039;;gamepad &#039;none&#039;;geolocation &#039;none&#039;;gyroscope &#039;none&#039;;hid &#039;none&#039;;identity-credentials-get &#039;none&#039;;idle-detection &#039;none&#039;;keyboard-map &#039;none&#039;;local-fonts;magnetometer &#039;none&#039;;microphone &#039;none&#039;;midi &#039;none&#039;;otp-credentials &#039;none&#039;;payment &#039;none&#039;;picture-in-picture;publickey-credentials-create &#039;none&#039;;publickey-credentials-get &#039;none&#039;;screen-wake-lock &#039;none&#039;;serial &#039;none&#039;;summarizer &#039;none&#039;;sync-xhr;usb &#039;none&#039;;web-share;window-management &#039;none&#039;;xr-spatial-tracking &#039;none&#039;;\" allowfullscreen=\"\" class=\"arve-iframe fitvidsignore\" credentialless data-arve=\"arve-vimeo-281518234\" data-lenis-prevent=\"\" data-src-no-ap=\"https:\/\/player.vimeo.com\/video\/281518234?dnt=1&amp;app_id=122963&amp;transparent=0&amp;title=1&amp;byline=0&amp;portrait=0&amp;autoplay=0\" frameborder=\"0\" height=\"224.8\" loading=\"lazy\" name=\"\" referrerpolicy=\"strict-origin-when-cross-origin\" sandbox=\"allow-scripts allow-same-origin allow-presentation allow-popups allow-popups-to-escape-sandbox allow-forms\" scrolling=\"no\" src=\"https:\/\/player.vimeo.com\/video\/281518234?dnt=1&#038;app_id=122963&#038;transparent=0&#038;title=1&#038;byline=0&#038;portrait=0&#038;autoplay=0\" title=\"\" width=\"400\"><\/iframe>\n\t\t\t\n\t\t<\/div>\n\t\t\n\t<\/div>\n\t\n\t\n\t<script type=\"application\/ld+json\">{\"@context\":\"http:\\\/\\\/schema.org\\\/\",\"@id\":\"https:\\\/\\\/www.tarkabarka.li\\\/hu\\\/ajanlat\\\/musorok\\\/#arve-vimeo-281518234\",\"type\":\"VideoObject\",\"embedURL\":\"https:\\\/\\\/player.vimeo.com\\\/video\\\/281518234?dnt=1&app_id=122963&transparent=0&title=1&byline=0&portrait=0&autoplay=0\"}<\/script>\n\t\n<\/div>\n\n\n\n<p class=\"link-bottom\"><a href=\"mailto:info@tarkabarka.li\">Felk\u00e9r\u00e9s<\/a><\/p>\n<\/div>\n\n\n\n<div class=\"wp-block-column regular-box is-layout-flow wp-block-column-is-layout-flow\">\n<h2 class=\"wp-block-heading\">HOPPAA! &#8211; egy meglepet\u00e9sekkel t\u0171zdelt boh\u00f3zat<\/h2>\n\n\n\n<p>V\u00e1ndorsz\u00ednh\u00e1z \u00e9rkezett a faluba! Hamarosan kezd\u0151dik az el\u0151ad\u00e1s! De hol maradnak a szerepl\u0151k? Egy v\u00e9letlen\u0171l felbukkan\u00f3 n\u0151 \u00e9s egy f\u00e9rfi v\u00e1lnak akaratlanul a t\u00f6rt\u00e9n\u00e9sek f\u0151szerepl\u0151j\u00e9v\u00e9. A k\u00edv\u00e1ncsis\u00e1gt\u00f3l vez\u00e9relve a legk\u00fcl\u00f6nb\u00f6z\u0151bb szerepekbe b\u00fajnak, kudarcok \u00e9s v\u00e1ratlan sikerek sorozat\u00e1t \u00e9lik \u00e1t. J\u00e1t\u00e9kszenved\u00e9ly\u00fckkel a n\u00e9z\u0151ket is bevonj\u00e1k a j\u00e1t\u00e9k b\u0171vk\u00f6r\u00e9be, az \u00e9let szeretettel \u00e9s csod\u00e1kkal teli l\u00e9nyeg\u00e9be.<\/p>\n\n\n\n<ul class=\"wp-block-list\">\n<li>Id\u0151tartam: kb. 60 perc.<\/li>\n\n\n\n<li>Belt\u00e9ren \u00e9s kint is lehets\u00e9ges<\/li>\n\n\n\n<li>Korhat\u00e1r n\u00e9lk\u00fcl<\/li>\n\n\n\n<li>2019-ben l\u00e9tes\u00fclt<\/li>\n\n\n\n<li>rendezte: Tina Speidel, Ulrike Kinbach<\/li>\n<\/ul>\n\n\n\n<div data-mode=\"normal\" data-oembed=\"1\" data-provider=\"vimeo\" id=\"arve-vimeo-341849085\" style=\"max-width:400px;\" class=\"arve alignleft\">\n\t<div class=\"arve-inner\">\n\t\t<div style=\"aspect-ratio:500\/281\" class=\"arve-embed arve-embed--has-aspect-ratio\">\n\t\t\t<div class=\"arve-ar\" style=\"padding-top:56.200000%\"><\/div>\n\t\t\t<iframe allow=\"accelerometer &#039;none&#039;;autoplay &#039;none&#039;;bluetooth &#039;none&#039;;browsing-topics &#039;none&#039;;camera &#039;none&#039;;clipboard-read &#039;none&#039;;clipboard-write;display-capture &#039;none&#039;;encrypted-media &#039;none&#039;;gamepad &#039;none&#039;;geolocation &#039;none&#039;;gyroscope &#039;none&#039;;hid &#039;none&#039;;identity-credentials-get &#039;none&#039;;idle-detection &#039;none&#039;;keyboard-map &#039;none&#039;;local-fonts;magnetometer &#039;none&#039;;microphone &#039;none&#039;;midi &#039;none&#039;;otp-credentials &#039;none&#039;;payment &#039;none&#039;;picture-in-picture;publickey-credentials-create &#039;none&#039;;publickey-credentials-get &#039;none&#039;;screen-wake-lock &#039;none&#039;;serial &#039;none&#039;;summarizer &#039;none&#039;;sync-xhr;usb &#039;none&#039;;web-share;window-management &#039;none&#039;;xr-spatial-tracking &#039;none&#039;;\" allowfullscreen=\"\" class=\"arve-iframe fitvidsignore\" credentialless data-arve=\"arve-vimeo-341849085\" data-lenis-prevent=\"\" data-src-no-ap=\"https:\/\/player.vimeo.com\/video\/341849085?dnt=1&amp;app_id=122963&amp;transparent=0&amp;title=1&amp;byline=0&amp;portrait=0&amp;autoplay=0\" frameborder=\"0\" height=\"224.8\" loading=\"lazy\" name=\"\" referrerpolicy=\"strict-origin-when-cross-origin\" sandbox=\"allow-scripts allow-same-origin allow-presentation allow-popups allow-popups-to-escape-sandbox allow-forms\" scrolling=\"no\" src=\"https:\/\/player.vimeo.com\/video\/341849085?dnt=1&#038;app_id=122963&#038;transparent=0&#038;title=1&#038;byline=0&#038;portrait=0&#038;autoplay=0\" title=\"\" width=\"400\"><\/iframe>\n\t\t\t\n\t\t<\/div>\n\t\t\n\t<\/div>\n\t\n\t\n\t<script type=\"application\/ld+json\">{\"@context\":\"http:\\\/\\\/schema.org\\\/\",\"@id\":\"https:\\\/\\\/www.tarkabarka.li\\\/hu\\\/ajanlat\\\/musorok\\\/#arve-vimeo-341849085\",\"type\":\"VideoObject\",\"embedURL\":\"https:\\\/\\\/player.vimeo.com\\\/video\\\/341849085?dnt=1&app_id=122963&transparent=0&title=1&byline=0&portrait=0&autoplay=0\"}<\/script>\n\t\n<\/div>\n\n\n\n<p class=\"link-bottom\"><a href=\"mailto:info@tarkabarka.li\">Felk\u00e9r\u00e9s<\/a><\/p>\n<\/div>\n<\/div>\n\n\n\n<div class=\"wp-block-columns is-layout-flex wp-container-core-columns-is-layout-9d6595d7 wp-block-columns-is-layout-flex\">\n<div class=\"wp-block-column regular-box is-layout-flow wp-block-column-is-layout-flow\">\n<h2 class=\"wp-block-heading\">Az \u00f6n rendezv\u00e9ny\u00e9re szabott el\u0151ad\u00e1s<\/h2>\n\n\n\n<p>Humoros \u00e9s po\u00e9tikus m\u0171sorv\u00e1ltozatok az \u00f6n rendezv\u00e9ny\u00e9re.<\/p>\n\n\n\n<ul class=\"wp-block-list\">\n<li>Id\u0151tartam: kb. 10-60 perc.<\/li>\n\n\n\n<li>t\u00f6bb r\u00e9szre feloszthat\u00f3<\/li>\n\n\n\n<li>Belt\u00e9ren \u00e9s kint is lehets\u00e9ges<\/li>\n<\/ul>\n\n\n\n<figure class=\"wp-block-image size-large\"><img loading=\"lazy\" decoding=\"async\" width=\"1024\" height=\"682\" src=\"https:\/\/www.tarkabarka.li\/wp-content\/uploads\/2024\/06\/tarkabarka_show_angebot-1024x682.jpg\" alt=\"\" class=\"wp-image-4491\" srcset=\"https:\/\/www.tarkabarka.li\/wp-content\/uploads\/2024\/06\/tarkabarka_show_angebot-1024x682.jpg 1024w, https:\/\/www.tarkabarka.li\/wp-content\/uploads\/2024\/06\/tarkabarka_show_angebot-300x200.jpg 300w, https:\/\/www.tarkabarka.li\/wp-content\/uploads\/2024\/06\/tarkabarka_show_angebot-768x512.jpg 768w, https:\/\/www.tarkabarka.li\/wp-content\/uploads\/2024\/06\/tarkabarka_show_angebot-24x16.jpg 24w, https:\/\/www.tarkabarka.li\/wp-content\/uploads\/2024\/06\/tarkabarka_show_angebot-36x24.jpg 36w, https:\/\/www.tarkabarka.li\/wp-content\/uploads\/2024\/06\/tarkabarka_show_angebot-48x32.jpg 48w, https:\/\/www.tarkabarka.li\/wp-content\/uploads\/2024\/06\/tarkabarka_show_angebot.jpg 1280w\" sizes=\"auto, (max-width: 1024px) 100vw, 1024px\" \/><\/figure>\n\n\n\n<p class=\"link-bottom\"><a href=\"https:\/\/www.tarkabarka.li\/hu\/ajanlat\/az-oen-szemelyre-szabott-esemenye\/\" data-type=\"page\" data-id=\"4353\">t\u00f6bb inform\u00e1ci\u00f3<\/a><\/p>\n<\/div>\n\n\n\n<div class=\"wp-block-column regular-box is-layout-flow wp-block-column-is-layout-flow\">\n<h2 class=\"wp-block-heading\">Utcai sz\u00ednh\u00e1z<\/h2>\n\n\n\n<p>Fulmin\u00e1ns cs\u00facspontok a m\u0171sorainkb\u00f3l<\/p>\n\n\n\n<ul class=\"wp-block-list\">\n<li>Id\u0151tartam: 15-30 perc.<\/li>\n\n\n\n<li>Belt\u00e9ren \u00e9s kint is lehets\u00e9ges<\/li>\n<\/ul>\n\n\n\n<figure class=\"wp-block-image size-large\"><img loading=\"lazy\" decoding=\"async\" width=\"912\" height=\"1024\" src=\"https:\/\/www.tarkabarka.li\/wp-content\/uploads\/2019\/01\/Buskers-Vaduz-912x1024.jpg\" alt=\"\" class=\"wp-image-4100\" srcset=\"https:\/\/www.tarkabarka.li\/wp-content\/uploads\/2019\/01\/Buskers-Vaduz-912x1024.jpg 912w, https:\/\/www.tarkabarka.li\/wp-content\/uploads\/2019\/01\/Buskers-Vaduz-267x300.jpg 267w, https:\/\/www.tarkabarka.li\/wp-content\/uploads\/2019\/01\/Buskers-Vaduz-768x862.jpg 768w, https:\/\/www.tarkabarka.li\/wp-content\/uploads\/2019\/01\/Buskers-Vaduz-21x24.jpg 21w, https:\/\/www.tarkabarka.li\/wp-content\/uploads\/2019\/01\/Buskers-Vaduz-32x36.jpg 32w, https:\/\/www.tarkabarka.li\/wp-content\/uploads\/2019\/01\/Buskers-Vaduz-43x48.jpg 43w\" sizes=\"auto, (max-width: 912px) 100vw, 912px\" \/><\/figure>\n\n\n\n<p class=\"link-bottom\"><a href=\"mailto:info@tarkabarka.li\">Felk\u00e9r\u00e9s<\/a><\/p>\n<\/div>\n<\/div>\n\n\n\n<div class=\"wp-block-columns is-layout-flex wp-container-core-columns-is-layout-9d6595d7 wp-block-columns-is-layout-flex\">\n<div class=\"wp-block-column regular-box is-layout-flow wp-block-column-is-layout-flow\">\n<h2 class=\"wp-block-heading\">Iskolai el\u0151ad\u00e1sok<\/h2>\n\n\n\n<figure class=\"wp-block-image size-large\"><img loading=\"lazy\" decoding=\"async\" width=\"1024\" height=\"685\" src=\"https:\/\/www.tarkabarka.li\/wp-content\/uploads\/2025\/01\/schulvorstellung_tarkabarka-1024x685.jpg\" alt=\"Schulvorstellung, Zirkus, Ohne Worte, Tarkabarka, Aula, Turnhalle,\" class=\"wp-image-5329\" srcset=\"https:\/\/www.tarkabarka.li\/wp-content\/uploads\/2025\/01\/schulvorstellung_tarkabarka-1024x685.jpg 1024w, https:\/\/www.tarkabarka.li\/wp-content\/uploads\/2025\/01\/schulvorstellung_tarkabarka-300x201.jpg 300w, https:\/\/www.tarkabarka.li\/wp-content\/uploads\/2025\/01\/schulvorstellung_tarkabarka-768x514.jpg 768w, https:\/\/www.tarkabarka.li\/wp-content\/uploads\/2025\/01\/schulvorstellung_tarkabarka-24x16.jpg 24w, https:\/\/www.tarkabarka.li\/wp-content\/uploads\/2025\/01\/schulvorstellung_tarkabarka-36x24.jpg 36w, https:\/\/www.tarkabarka.li\/wp-content\/uploads\/2025\/01\/schulvorstellung_tarkabarka-48x32.jpg 48w, https:\/\/www.tarkabarka.li\/wp-content\/uploads\/2025\/01\/schulvorstellung_tarkabarka.jpg 1280w\" sizes=\"auto, (max-width: 1024px) 100vw, 1024px\" \/><\/figure>\n\n\n\n<p>Szeretettel v\u00e1llalunk iskolai el\u0151ad\u00e1sokat az aul\u00e1ban, tornateremben vagy ak\u00e1r a saj\u00e1t sz\u00ednpadunkon az iskolaudvaron. R\u00f6vid\u00edtett 30 perces avagy 60 perces el\u0151ad\u00e1saink mindek\u00e9pp mosolyt var\u00e1zsolnak a kis n\u00e9z\u0151k \u00e9s a tan\u00e1rok arc\u00e1ra. A v\u00e1ltozatos el\u0151ad\u00e1saink var\u00e1zsl\u00e1ssal, akrobatik\u00e1val, boh\u00f3zattal \u00e9s zen\u00e9vel b\u0171v\u00f6lik el a n\u00e9z\u0151ket. Szavak n\u00e9lk\u00fcl. Fogyat\u00e9kos gyermekek sz\u00e1m\u00e1ra is kedvez\u0151. Kezd\u0151dhet az el\u0151ad\u00e1s!<\/p>\n\n\n\n<p class=\"link-bottom\"><a href=\"mailto:info@tarkabarka.li\">Felk\u00e9r\u00e9s<\/a><\/p>\n<\/div>\n\n\n\n<div class=\"wp-block-column regular-box is-layout-flow wp-block-column-is-layout-flow\">\n<p class=\"link-bottom\"><\/p>\n<\/div>\n<\/div>\n","protected":false},"excerpt":{"rendered":"<p>M\u0171sorok T\u00f6bb mint 550 el\u0151ad\u00e1s, \u00f6sszesen 13 \u00e9vben, 10 orsz\u00e1gban \u00e9s 3 f\u00f6ldr\u00e9szen szerzett sz\u00ednpadi tapasztalat &#8211; 1 szenved\u00e9ly. A m\u0171soraink izgalmasak, v\u00e1ltozatosak \u00e9s humorosak.&#8230;<\/p>\n<div class=\"more-link-wrapper\"><a class=\"more-link\" href=\"https:\/\/www.tarkabarka.li\/hu\/ajanlat\/musorok\/\">Continue Reading<span class=\"screen-reader-text\">M\u0171sorok<\/span><\/a><\/div>\n","protected":false},"author":2,"featured_media":0,"parent":4436,"menu_order":0,"comment_status":"closed","ping_status":"closed","template":"","meta":{"_acf_changed":false,"inline_featured_image":false,"footnotes":""},"class_list":["post-4221","page","type-page","status-publish","hentry","entry"],"acf":[],"_links":{"self":[{"href":"https:\/\/www.tarkabarka.li\/hu\/wp-json\/wp\/v2\/pages\/4221","targetHints":{"allow":["GET"]}}],"collection":[{"href":"https:\/\/www.tarkabarka.li\/hu\/wp-json\/wp\/v2\/pages"}],"about":[{"href":"https:\/\/www.tarkabarka.li\/hu\/wp-json\/wp\/v2\/types\/page"}],"author":[{"embeddable":true,"href":"https:\/\/www.tarkabarka.li\/hu\/wp-json\/wp\/v2\/users\/2"}],"replies":[{"embeddable":true,"href":"https:\/\/www.tarkabarka.li\/hu\/wp-json\/wp\/v2\/comments?post=4221"}],"version-history":[{"count":26,"href":"https:\/\/www.tarkabarka.li\/hu\/wp-json\/wp\/v2\/pages\/4221\/revisions"}],"predecessor-version":[{"id":5940,"href":"https:\/\/www.tarkabarka.li\/hu\/wp-json\/wp\/v2\/pages\/4221\/revisions\/5940"}],"up":[{"embeddable":true,"href":"https:\/\/www.tarkabarka.li\/hu\/wp-json\/wp\/v2\/pages\/4436"}],"wp:attachment":[{"href":"https:\/\/www.tarkabarka.li\/hu\/wp-json\/wp\/v2\/media?parent=4221"}],"curies":[{"name":"wp","href":"https:\/\/api.w.org\/{rel}","templated":true}]}}