{"id":4219,"date":"2016-07-19T10:05:45","date_gmt":"2016-07-19T08:05:45","guid":{"rendered":"https:\/\/www.tarkabarka.li\/kapcsolat\/"},"modified":"2025-07-23T14:33:20","modified_gmt":"2025-07-23T12:33:20","slug":"kapcsolat","status":"publish","type":"page","link":"https:\/\/www.tarkabarka.li\/hu\/kapcsolat\/","title":{"rendered":"KAPCSOLAT"},"content":{"rendered":"\n<figure class=\"wp-block-image size-full hero-img\"><img loading=\"lazy\" decoding=\"async\" width=\"1280\" height=\"777\" src=\"https:\/\/www.tarkabarka.li\/wp-content\/uploads\/2024\/06\/tarkabarka_anna_und_balint.jpg\" alt=\"\" class=\"wp-image-4507\" srcset=\"https:\/\/www.tarkabarka.li\/wp-content\/uploads\/2024\/06\/tarkabarka_anna_und_balint.jpg 1280w, https:\/\/www.tarkabarka.li\/wp-content\/uploads\/2024\/06\/tarkabarka_anna_und_balint-300x182.jpg 300w, https:\/\/www.tarkabarka.li\/wp-content\/uploads\/2024\/06\/tarkabarka_anna_und_balint-1024x622.jpg 1024w, https:\/\/www.tarkabarka.li\/wp-content\/uploads\/2024\/06\/tarkabarka_anna_und_balint-768x466.jpg 768w, https:\/\/www.tarkabarka.li\/wp-content\/uploads\/2024\/06\/tarkabarka_anna_und_balint-24x15.jpg 24w, https:\/\/www.tarkabarka.li\/wp-content\/uploads\/2024\/06\/tarkabarka_anna_und_balint-36x22.jpg 36w, https:\/\/www.tarkabarka.li\/wp-content\/uploads\/2024\/06\/tarkabarka_anna_und_balint-48x29.jpg 48w\" sizes=\"auto, (max-width: 1280px) 100vw, 1280px\" \/><\/figure>\n\n\n\n<div class=\"wp-block-columns is-layout-flex wp-container-core-columns-is-layout-9d6595d7 wp-block-columns-is-layout-flex\">\n<div class=\"wp-block-column regular-box is-layout-flow wp-block-column-is-layout-flow\">\n<h1 class=\"wp-block-heading\">Szerz\u0151dtet\u00e9s<\/h1>\n\n\n\n<ul class=\"wp-block-list\">\n<li>\u201eKABUFF\u201c vagy \u201eHOPPAA!\u201c m\u0171soraink t\u00f6bbf\u00e9le v\u00e1ltozatban: teljes hossz\u00fa (kb. 60 perc) vagy 15-30 perces r\u00f6vid\u00edtett v\u00e1ltozatok<\/li>\n\n\n\n<li>Rendezv\u00e9nyekre szabott sz\u00f3rakoztat\u00e1s (esk\u00fcv\u0151k, c\u00e9gi vacsor\u00e1k, sz\u00fclet\u00e9snapok stb.)<\/li>\n\n\n\n<li>Rendezv\u00e9nyek zenei al\u00e1fest\u00e9se<\/li>\n\n\n\n<li>Gyermeksz\u00fclet\u00e9snapok<\/li>\n\n\n\n<li>Sz\u00ednh\u00e1zi \u00e9s cirkuszi oktat\u00e1s \u00e9s workshopok<\/li>\n\n\n\n<li>Lufihajtogat\u00e1s<\/li>\n\n\n\n<li>Arcfest\u00e9s<\/li>\n<\/ul>\n\n\n\n<p>r\u00e9szeleteket l\u00e1sd az &#8222;<a href=\"https:\/\/www.tarkabarka.li\/hu\/ajanlat\/\">aj\u00e1nlat<\/a>&#8222;-men\u00fcpont alatt!<\/p>\n\n\n\n<p>Szeretettel \u00e1ll\u00edtunk \u00f6ssze egy programot az \u00f6n\u00f6k k\u00edv\u00e1ns\u00e1gai szerint. L\u00e9pjenek vel\u00fcnk kapcsolatba!<\/p>\n<\/div>\n<\/div>\n\n\n\n<div class=\"wp-block-columns is-layout-flex wp-container-core-columns-is-layout-9d6595d7 wp-block-columns-is-layout-flex\">\n<div class=\"wp-block-column regular-box is-layout-flow wp-block-column-is-layout-flow\">\n<h2 class=\"wp-block-heading\">Kapcsolat<\/h2>\n\n\n\n<p>Tarkabarka komp\u00e1nia<br>Kosty\u00e1l B\u00e1lint \u00e9s Anna<br>Bannholzstrasse 2<br>9490 Vaduz<br>Liechtenstein<br><a href=\"mailto:info@tarkabarka.li\" target=\"_blank\" rel=\"noreferrer noopener\">info@tarkabarka.li<\/a><\/p>\n\n\n\n<p>Anna: <a href=\"tel:+410798159538\">+41 (0) 79 815 95 38<\/a><\/p>\n\n\n\n<p>B\u00e1lint: <a href=\"tel:+410774013667\"> +41 (0) 77 401 36 67<\/a> vagy  <a href=\"Tel:+36705230876\">+36 (06) 70 523 08 76<\/a><\/p>\n<\/div>\n\n\n\n<div class=\"wp-block-column regular-box is-layout-flow wp-block-column-is-layout-flow\">\n<h2 class=\"wp-block-heading\">T\u00e1mogat\u00e1s<\/h2>\n\n\n\n<p>A Tarkabarka Komp\u00e1nia artist\u00e1i h\u00e1l\u00e1s k\u00f6sz\u00f6nettel fogadj\u00e1k alkot\u00f3 munk\u00e1jukat seg\u00edteni k\u00edv\u00e1n\u00f3 szervezetek \u00e9s egy\u00e9ni adakoz\u00f3k mindennem\u0171 t\u00e1mogat\u00e1s\u00e1t .<br>Minden fill\u00e9r sz\u00e1m\u00edt!<\/p>\n\n\n\n<p>Banksz\u00e1mla:<\/p>\n\n\n\n<p>Liechtensteinische Landesbank AG, St\u00e4dtle 44, <br>Postfach 384, FL-9490 Vaduz; <br>IBAN: LI54 0880 0549 8420 6200 1; <br>BIC: LILALI2X; <br><a href=\"mailto:info@)tarkabarka.li\">info@tarkabarka.li<\/a><\/p>\n<\/div>\n<\/div>\n","protected":false},"excerpt":{"rendered":"<p>Szerz\u0151dtet\u00e9s r\u00e9szeleteket l\u00e1sd az &#8222;aj\u00e1nlat&#8222;-men\u00fcpont alatt! Szeretettel \u00e1ll\u00edtunk \u00f6ssze egy programot az \u00f6n\u00f6k k\u00edv\u00e1ns\u00e1gai szerint. L\u00e9pjenek vel\u00fcnk kapcsolatba! Kapcsolat Tarkabarka komp\u00e1niaKosty\u00e1l B\u00e1lint \u00e9s AnnaBannholzstrasse 29490&#8230;<\/p>\n<div class=\"more-link-wrapper\"><a class=\"more-link\" href=\"https:\/\/www.tarkabarka.li\/hu\/kapcsolat\/\">Continue Reading<span class=\"screen-reader-text\">KAPCSOLAT<\/span><\/a><\/div>\n","protected":false},"author":1,"featured_media":0,"parent":0,"menu_order":0,"comment_status":"closed","ping_status":"closed","template":"","meta":{"_acf_changed":false,"inline_featured_image":false,"footnotes":""},"class_list":["post-4219","page","type-page","status-publish","hentry","entry"],"acf":[],"_links":{"self":[{"href":"https:\/\/www.tarkabarka.li\/hu\/wp-json\/wp\/v2\/pages\/4219","targetHints":{"allow":["GET"]}}],"collection":[{"href":"https:\/\/www.tarkabarka.li\/hu\/wp-json\/wp\/v2\/pages"}],"about":[{"href":"https:\/\/www.tarkabarka.li\/hu\/wp-json\/wp\/v2\/types\/page"}],"author":[{"embeddable":true,"href":"https:\/\/www.tarkabarka.li\/hu\/wp-json\/wp\/v2\/users\/1"}],"replies":[{"embeddable":true,"href":"https:\/\/www.tarkabarka.li\/hu\/wp-json\/wp\/v2\/comments?post=4219"}],"version-history":[{"count":14,"href":"https:\/\/www.tarkabarka.li\/hu\/wp-json\/wp\/v2\/pages\/4219\/revisions"}],"predecessor-version":[{"id":5617,"href":"https:\/\/www.tarkabarka.li\/hu\/wp-json\/wp\/v2\/pages\/4219\/revisions\/5617"}],"wp:attachment":[{"href":"https:\/\/www.tarkabarka.li\/hu\/wp-json\/wp\/v2\/media?parent=4219"}],"curies":[{"name":"wp","href":"https:\/\/api.w.org\/{rel}","templated":true}]}}